{"id":5840,"date":"2019-11-21T16:11:36","date_gmt":"2019-11-21T16:11:36","guid":{"rendered":"https:\/\/www.papafreddys.at\/?page_id=5840"},"modified":"2022-09-29T08:37:26","modified_gmt":"2022-09-29T08:37:26","slug":"datenschutzerklaerung","status":"publish","type":"page","link":"https:\/\/www.papafreddys.at\/?page_id=5840","title":{"rendered":"Datenschutzerkl\u00e4rung"},"content":{"rendered":"<p>[vc_row][vc_column][vc_column_text]<\/p>\n<h1>Datenschutzerkl\u00e4rung<\/h1>\n<p>[\/vc_column_text][vc_column_text]Wir verarbeiten Ihre personenbezogenen Daten, die unter folgende <strong>Datenkategorien<\/strong> fallen:<\/p>\n<ul>\n<li>Name\/Firma,<\/li>\n<li>Beruf\/Berufsbezeichnung,<\/li>\n<li>Ansprechperson,<\/li>\n<li>Gesch\u00e4ftsanschrift und sonstige Adressen des Kunden,<\/li>\n<li>Kontaktdaten (Telefonnummer, Telefaxnummer, E-Mail-Adresse, etc.)<\/li>\n<\/ul>\n<p>Sie haben uns Daten \u00fcber sich freiwillig zur Verf\u00fcgung gestellt und wir verarbeiten diese Daten auf Grundlage Ihrer <strong>Einwilligung<\/strong> zu folgenden Zwecken:<\/p>\n<ul>\n<li>Betreuung des Kunden sowie<\/li>\n<li>f\u00fcr eigene Werbezwecke, beispielsweise zur Zusendung von Angeboten, Werbeprospekten und Newsletter (in Papier- und elektronischer Form), sowie zum Zwecke des Hinweises auf die zum Kunden bestehende oder vormalige Gesch\u00e4ftsbeziehung (Referenzhinweis).<\/li>\n<\/ul>\n<p>Sie k\u00f6nnen diese Einwilligung jederzeit widerrufen. Ein <strong>Widerruf<\/strong> hat zur Folge, dass wir Ihre Daten ab diesem Zeitpunkt zu oben genannten Zwecken nicht mehr verarbeiten. <strong>F\u00fcr einen Widerruf wenden Sie sich bitte an:<\/strong> <a href=\"mailto:office@papafreddys.at\">office@papafreddys.at<\/a> \u00a0Die von Ihnen bereit gestellten Daten sind weiters zur <strong>Vertragserf\u00fcllung<\/strong> bzw. zur Durchf\u00fchrung vorvertraglicher Ma\u00dfnahmen erforderlich. Ohne diese Daten k\u00f6nnen wir den Vertrag mit Ihnen nicht abschlie\u00dfen.<\/p>\n<p>Wir <strong>speichern<\/strong> Ihre Daten f\u00fcr maximal eine Woche<em>.<\/em><\/p>\n<p><strong>\u00a0<\/strong><strong>Sie erreichen uns und unseren Datenschutzbeauftragten unter folgenden Kontaktdaten: <\/strong><a href=\"mailto:office@papafreddys.at\">office@papafreddys.at<\/a><\/p>\n<p><strong>Rechtsbehelfsbelehrung<\/strong><\/p>\n<p>Ihnen stehen grunds\u00e4tzlich die Rechte auf Auskunft, Berichtigung, L\u00f6schung, Einschr\u00e4nkung, Daten\u00fcbertragbarkeit und Widerspruch zu. Daf\u00fcr wenden Sie sich an uns. Wenn Sie glauben, dass die Verarbeitung Ihrer Daten gegen das Datenschutzrecht verst\u00f6\u00dft oder Ihre datenschutzrechtlichen Anspr\u00fcche sonst in einer Weise verletzt worden sind, k\u00f6nnen Sie sich bei der Aufsichtsbeh\u00f6rde beschweren. In \u00d6sterreich ist die <a href=\"http:\/\/dsb.gv.at\/\">Datenschutzbeh\u00f6rde<\/a> zust\u00e4ndig.<\/p>\n<p>&nbsp;<\/p>\n<p>&nbsp;<\/p>\n<p>&nbsp;<\/p>\n<p>&nbsp;<\/p>\n<p>&nbsp;<\/p>\n<p>[\/vc_column_text][\/vc_column][\/vc_row]<\/p>\n","protected":false},"excerpt":{"rendered":"<p>[vc_row][vc_column][vc_column_text] Datenschutzerkl\u00e4rung [\/vc_column_text][vc_column_text]Wir verarbeiten Ihre personenbezogenen Daten, die unter folgende Datenkategorien fallen: Name\/Firma, Beruf\/Berufsbezeichnung, Ansprechperson, Gesch\u00e4ftsanschrift und sonstige Adressen des Kunden, Kontaktdaten (Telefonnummer, Telefaxnummer, E-Mail-Adresse, etc.) Sie haben uns Daten \u00fcber sich freiwillig zur Verf\u00fcgung gestellt und wir verarbeiten diese [&hellip;]<\/p>\n","protected":false},"author":1,"featured_media":0,"parent":0,"menu_order":0,"comment_status":"closed","ping_status":"closed","template":"","meta":[],"_links":{"self":[{"href":"https:\/\/www.papafreddys.at\/index.php?rest_route=\/wp\/v2\/pages\/5840"}],"collection":[{"href":"https:\/\/www.papafreddys.at\/index.php?rest_route=\/wp\/v2\/pages"}],"about":[{"href":"https:\/\/www.papafreddys.at\/index.php?rest_route=\/wp\/v2\/types\/page"}],"author":[{"embeddable":true,"href":"https:\/\/www.papafreddys.at\/index.php?rest_route=\/wp\/v2\/users\/1"}],"replies":[{"embeddable":true,"href":"https:\/\/www.papafreddys.at\/index.php?rest_route=%2Fwp%2Fv2%2Fcomments&post=5840"}],"version-history":[{"count":4,"href":"https:\/\/www.papafreddys.at\/index.php?rest_route=\/wp\/v2\/pages\/5840\/revisions"}],"predecessor-version":[{"id":6159,"href":"https:\/\/www.papafreddys.at\/index.php?rest_route=\/wp\/v2\/pages\/5840\/revisions\/6159"}],"wp:attachment":[{"href":"https:\/\/www.papafreddys.at\/index.php?rest_route=%2Fwp%2Fv2%2Fmedia&parent=5840"}],"curies":[{"name":"wp","href":"https:\/\/api.w.org\/{rel}","templated":true}]}}